{"id":106,"date":"2025-06-13T07:26:33","date_gmt":"2025-06-13T04:26:33","guid":{"rendered":"https:\/\/resmil.fi\/?page_id=106"},"modified":"2025-10-20T17:59:02","modified_gmt":"2025-10-20T14:59:02","slug":"3charlie-putkikauluri","status":"publish","type":"page","link":"https:\/\/resmil.fi\/index.php\/tuotetestaus\/x-varuste\/3charlie-putkikauluri\/","title":{"rendered":"3Charlie-putkikauluri"},"content":{"rendered":"\n<p><a href=\"https:\/\/xvaruste.fi\/3charlie-verkko-putkikauluri-m05\/\">Tilaa t\u00e4st\u00e4<\/a><\/p>\n\n\n\n<p>Alennuskoodilla <strong>resmil2025 <\/strong>saat -10 % alennuksen X-varusteen verkkokaupasta.<\/p>\n\n\n\n<p><strong>Tekniset tiedot:<\/strong> 100% Polyesteria<\/p>\n\n\n\n<p><strong>Ensivaikutelma:<\/strong> Tacticool<\/p>\n\n\n\n<p><strong>Materiaalin laatu<\/strong><\/p>\n\n\n\n<ul class=\"wp-block-list\">\n<li><strong>Hengitt\u00e4vyys: <\/strong>Moneen muuhun putkikauluriin tai kyp\u00e4r\u00e4huppuun verrattuna 3Charlie-putkikaulurin hengitt\u00e4vyys on erinomainen. Ilma kiert\u00e4\u00e4 helposti sis\u00e4\u00e4n ja ulos, eik\u00e4 se aiheuta rasitusta hengitykselle. Usein ongelmana putkikaulurin tai kyp\u00e4r\u00e4hupun kanssa on suojalasien huurtuminen, erityisesti kun hengitystiheys kasvaa ja hikoilu alkaa. Testasimme 3Charlie-putkikauluria yhdess\u00e4 suojalasien kanssa sek\u00e4 rakennuksen sis\u00e4ll\u00e4 (TRA) ett\u00e4 maastossa. Maastossa suoritettiin juoksu- ja esteratatesti +22\u202f\u00b0C:ssa. Putkikauluri toimi moitteettomasti: hengitys kulki erinomaisesti kankaan l\u00e4pi, eik\u00e4 suojalasit huurtuneet.<\/li>\n\n\n\n<li><strong>Joustavuus: <\/strong>Putkikaulurin materiaali ei ole erityisen joustavaa. T\u00e4m\u00e4 ominaisuus tuo mukanaan sek\u00e4 positiivisia ett\u00e4 negatiivisia puolia putkikaulurin k\u00e4yt\u00f6ss\u00e4.<\/li>\n\n\n\n<li><strong>Palautumiskyky:<\/strong> Normaali k\u00e4yt\u00f6ss\u00e4 putkikauluri n\u00e4ytt\u00e4\u00e4 s\u00e4ilytt\u00e4v\u00e4n muotonsa hyvin; toistaiseksi se ei ole venynyt k\u00e4yt\u00f6ss\u00e4.<\/li>\n\n\n\n<li><strong>Saumojen laatu:<\/strong> Nelj\u00e4n kuukauden suhteellisen s\u00e4\u00e4nn\u00f6llisen kentt\u00e4k\u00e4yt\u00f6n j\u00e4lkeen saumojen purkautumista ei havaittu.<\/li>\n<\/ul>\n\n\n\n<p><strong>K\u00e4ytett\u00e4vyys ja mukavuus<\/strong><\/p>\n\n\n\n<ul class=\"wp-block-list\">\n<li><strong>Istuvuus: <\/strong>Sek\u00e4 TRA- ett\u00e4 juoksutestin aikana putkikauluri pysyi hyvin paikoillaan, eik\u00e4 sit\u00e4 tarvinnut nostella tai korjailla lainkaan (huom. kuulonsuojaimet olivat testin aikana k\u00e4yt\u00f6ss\u00e4). Ilman kuulonsuojaimia tai kyp\u00e4r\u00e4\u00e4 kauluri alkaa laskeutua, kuten kaikki muutkin vastaavat tuotteet.<\/li>\n\n\n\n<li><strong>S\u00e4\u00e4dett\u00e4vyys:<\/strong> Ei s\u00e4\u00e4t\u00f6mahdollisuutta<\/li>\n\n\n\n<li><strong>Helppous pukea ja riisua:<\/strong> Ei merkitt\u00e4v\u00e4sti eroa muihin vastaaviin tuotteisiin.<\/li>\n\n\n\n<li><strong>Yhteen sopivuus muiden varusteiden kanssa: <\/strong>Erityisesti radion ja mikrofonin kanssa putkikauluri toimii hyvin. Ohut kangas ja sen verkkomainen rakenne mahdollistavat selke\u00e4n kommunikoinnin.<\/li>\n<\/ul>\n\n\n\n<p><strong>Kest\u00e4vyys ja huolto<\/strong><\/p>\n\n\n\n<ul class=\"wp-block-list\">\n<li><strong>Kulutuskest\u00e4vyys: <\/strong>Kulumista ei havaittu. Materiaalissa havaittiin pient\u00e4 venymist\u00e4, joka ei kuitenkaan haittaa k\u00e4ytt\u00f6\u00e4.<\/li>\n\n\n\n<li><strong>Pesunkest\u00e4vyys: <\/strong>Saumojen ompeleet sek\u00e4 kangas kest\u00e4v\u00e4t pesua hyvin. Kankaassa ei havaittu kulumia tai venymist\u00e4.<\/li>\n<\/ul>\n\n\n\n<p><strong>Toiminnallien suorituskyky<\/strong><\/p>\n\n\n\n<ul class=\"wp-block-list\">\n<li><strong>Naamiointi: <\/strong>Tuotetta on saatavana useilla eri kuoseilla. Erityisesti M05 (kes\u00e4 ja talvi) on iso plussa, ja se on majurille turvallinen valinta.<\/li>\n\n\n\n<li><strong>L\u00e4mp\u00f6tilansieto:<\/strong> Putkikauluri on ehdottomasti tarkoitettu l\u00e4mpim\u00e4mpiin s\u00e4\u00e4olosuhteisiin, kuten kev\u00e4\u00e4seen, kes\u00e4\u00e4n ja syksyyn. Kylmille keleille se ei sovi, sill\u00e4 se ei tarjoa suojaa pakkaselta eik\u00e4 tuulelta.<\/li>\n<\/ul>\n\n\n\n<p><strong>Kentt\u00e4palaute<\/strong><\/p>\n\n\n\n<ul class=\"wp-block-list\">\n<li><strong>K\u00e4ytt\u00e4j\u00e4n arvio:<\/strong> Ehdottomasti jatkok\u00e4ytt\u00f6\u00f6n. Putkikauluri ratkaisee useita isoja haasteita, joita muiden vastaavien tuotteiden kanssa esiintyy l\u00e4mpimill\u00e4 keleill\u00e4.<\/li>\n\n\n\n<li><strong>Yleinen k\u00e4ytt\u00f6mukavuus:<\/strong> Materiaalin karheus ja joustamattomuus ovat pieni\u00e4 miinuksia verrattuna muihin positiivisiin ominaisuuksiin.<\/li>\n\n\n\n<li><strong>Arvosana: <\/strong>4.5\/5<\/li>\n<\/ul>\n\n\n\n<p><strong>Suositukset jatkokehitykseen:<\/strong> Putkikaulurin materiaali sis\u00e4puolelta on hiukan karhea. Sen kanssa pystyy kuitenkin toimimaan vaivatta jonkin aikaa, mutta pidemm\u00e4ll\u00e4 aikav\u00e4lill\u00e4 se saattaa alkaa \u00e4rsytt\u00e4\u00e4 ihoa.<\/p>\n\n\n\n<p><a href=\"https:\/\/xvaruste.fi\/3charlie-verkko-putkikauluri-m05\/\">Tilaa t\u00e4st\u00e4<\/a><\/p>\n\n\n\n<p>Alennuskoodilla <strong>resmil2025 <\/strong>saat -10 % alennuksen X-varusteen verkkokaupasta.<\/p>\n\n\n\n<figure class=\"wp-block-gallery has-nested-images columns-default is-cropped wp-block-gallery-1 is-layout-flex wp-block-gallery-is-layout-flex\">\n<figure class=\"wp-block-image size-large\"><img loading=\"lazy\" decoding=\"async\" width=\"1024\" height=\"683\" data-id=\"196\" src=\"https:\/\/resmil.fi\/wp-content\/uploads\/2025\/06\/H5A3388-4-1024x683.jpg\" alt=\"\" class=\"wp-image-196\" srcset=\"https:\/\/resmil.fi\/wp-content\/uploads\/2025\/06\/H5A3388-4-1024x683.jpg 1024w, https:\/\/resmil.fi\/wp-content\/uploads\/2025\/06\/H5A3388-4-300x200.jpg 300w, https:\/\/resmil.fi\/wp-content\/uploads\/2025\/06\/H5A3388-4-768x512.jpg 768w, https:\/\/resmil.fi\/wp-content\/uploads\/2025\/06\/H5A3388-4-1536x1024.jpg 1536w, https:\/\/resmil.fi\/wp-content\/uploads\/2025\/06\/H5A3388-4-2048x1365.jpg 2048w\" sizes=\"auto, (max-width: 1024px) 100vw, 1024px\" \/><\/figure>\n\n\n\n<figure class=\"wp-block-image size-large\"><img loading=\"lazy\" decoding=\"async\" width=\"1024\" height=\"683\" data-id=\"165\" src=\"https:\/\/resmil.fi\/wp-content\/uploads\/2025\/06\/H5A3394-1-1024x683.jpg\" alt=\"\" class=\"wp-image-165\"\/><\/figure>\n\n\n\n<figure class=\"wp-block-image size-large\"><img loading=\"lazy\" decoding=\"async\" width=\"1024\" height=\"683\" data-id=\"163\" src=\"https:\/\/resmil.fi\/wp-content\/uploads\/2025\/06\/H5A3391-1-1024x683.jpg\" alt=\"\" class=\"wp-image-163\" srcset=\"https:\/\/resmil.fi\/wp-content\/uploads\/2025\/06\/H5A3391-1-1024x683.jpg 1024w, https:\/\/resmil.fi\/wp-content\/uploads\/2025\/06\/H5A3391-1-300x200.jpg 300w, https:\/\/resmil.fi\/wp-content\/uploads\/2025\/06\/H5A3391-1-768x512.jpg 768w, https:\/\/resmil.fi\/wp-content\/uploads\/2025\/06\/H5A3391-1-1536x1024.jpg 1536w, https:\/\/resmil.fi\/wp-content\/uploads\/2025\/06\/H5A3391-1-2048x1365.jpg 2048w\" sizes=\"auto, (max-width: 1024px) 100vw, 1024px\" \/><\/figure>\n\n\n\n<figure class=\"wp-block-image size-large\"><img loading=\"lazy\" decoding=\"async\" width=\"1024\" height=\"683\" data-id=\"164\" src=\"https:\/\/resmil.fi\/wp-content\/uploads\/2025\/06\/H5A3403-1-1024x683.jpg\" alt=\"\" class=\"wp-image-164\" srcset=\"https:\/\/resmil.fi\/wp-content\/uploads\/2025\/06\/H5A3403-1-1024x683.jpg 1024w, https:\/\/resmil.fi\/wp-content\/uploads\/2025\/06\/H5A3403-1-300x200.jpg 300w, https:\/\/resmil.fi\/wp-content\/uploads\/2025\/06\/H5A3403-1-768x512.jpg 768w, https:\/\/resmil.fi\/wp-content\/uploads\/2025\/06\/H5A3403-1-1536x1024.jpg 1536w, https:\/\/resmil.fi\/wp-content\/uploads\/2025\/06\/H5A3403-1-2048x1365.jpg 2048w\" sizes=\"auto, (max-width: 1024px) 100vw, 1024px\" \/><\/figure>\n\n\n\n<figure class=\"wp-block-image size-large\"><img loading=\"lazy\" decoding=\"async\" width=\"1024\" height=\"683\" data-id=\"162\" src=\"https:\/\/resmil.fi\/wp-content\/uploads\/2025\/06\/H5A3407-1-1024x683.jpg\" alt=\"\" class=\"wp-image-162\" srcset=\"https:\/\/resmil.fi\/wp-content\/uploads\/2025\/06\/H5A3407-1-1024x683.jpg 1024w, https:\/\/resmil.fi\/wp-content\/uploads\/2025\/06\/H5A3407-1-300x200.jpg 300w, https:\/\/resmil.fi\/wp-content\/uploads\/2025\/06\/H5A3407-1-768x512.jpg 768w, https:\/\/resmil.fi\/wp-content\/uploads\/2025\/06\/H5A3407-1-1536x1024.jpg 1536w, https:\/\/resmil.fi\/wp-content\/uploads\/2025\/06\/H5A3407-1-2048x1365.jpg 2048w\" sizes=\"auto, (max-width: 1024px) 100vw, 1024px\" \/><\/figure>\n<\/figure>\n","protected":false},"excerpt":{"rendered":"<p>Tilaa t\u00e4st\u00e4 Alennuskoodilla resmil2025 saat -10 % alennuksen X-varusteen verkkokaupasta. Tekniset tiedot: 100% Polyesteria Ensivaikutelma: Tacticool Materiaalin laatu K\u00e4ytett\u00e4vyys ja mukavuus Kest\u00e4vyys ja huolto Toiminnallien suorituskyky Kentt\u00e4palaute Suositukset jatkokehitykseen: Putkikaulurin materiaali sis\u00e4puolelta on hiukan karhea. Sen kanssa pystyy kuitenkin toimimaan vaivatta jonkin aikaa, mutta pidemm\u00e4ll\u00e4 aikav\u00e4lill\u00e4 se saattaa alkaa \u00e4rsytt\u00e4\u00e4 ihoa. Tilaa t\u00e4st\u00e4 Alennuskoodilla resmil2025 [&hellip;]<\/p>\n","protected":false},"author":4,"featured_media":0,"parent":148,"menu_order":0,"comment_status":"closed","ping_status":"closed","template":"","meta":{"site-container-style":"default","site-container-layout":"default","site-sidebar-layout":"default","site-transparent-header":"default","disable-article-header":"default","disable-site-header":"default","disable-site-footer":"default","disable-content-area-spacing":"default","footnotes":""},"class_list":["post-106","page","type-page","status-publish","hentry"],"_links":{"self":[{"href":"https:\/\/resmil.fi\/index.php\/wp-json\/wp\/v2\/pages\/106","targetHints":{"allow":["GET"]}}],"collection":[{"href":"https:\/\/resmil.fi\/index.php\/wp-json\/wp\/v2\/pages"}],"about":[{"href":"https:\/\/resmil.fi\/index.php\/wp-json\/wp\/v2\/types\/page"}],"author":[{"embeddable":true,"href":"https:\/\/resmil.fi\/index.php\/wp-json\/wp\/v2\/users\/4"}],"replies":[{"embeddable":true,"href":"https:\/\/resmil.fi\/index.php\/wp-json\/wp\/v2\/comments?post=106"}],"version-history":[{"count":41,"href":"https:\/\/resmil.fi\/index.php\/wp-json\/wp\/v2\/pages\/106\/revisions"}],"predecessor-version":[{"id":520,"href":"https:\/\/resmil.fi\/index.php\/wp-json\/wp\/v2\/pages\/106\/revisions\/520"}],"up":[{"embeddable":true,"href":"https:\/\/resmil.fi\/index.php\/wp-json\/wp\/v2\/pages\/148"}],"wp:attachment":[{"href":"https:\/\/resmil.fi\/index.php\/wp-json\/wp\/v2\/media?parent=106"}],"curies":[{"name":"wp","href":"https:\/\/api.w.org\/{rel}","templated":true}]}}