{"id":116,"date":"2025-06-13T07:37:36","date_gmt":"2025-06-13T04:37:36","guid":{"rendered":"https:\/\/resmil.fi\/?page_id=116"},"modified":"2025-10-19T19:03:12","modified_gmt":"2025-10-19T16:03:12","slug":"keikka-80l","status":"publish","type":"page","link":"https:\/\/resmil.fi\/index.php\/tuotetestaus\/savotta\/keikka-80l\/","title":{"rendered":"Keikka 80L"},"content":{"rendered":"\n<p>Tekniset tiedot:<\/p>\n\n\n\n<ul class=\"wp-block-list\">\n<li><strong>Paino:<\/strong> 1,88 kg<\/li>\n\n\n\n<li><strong>Mitat:<\/strong> 35 x 30 x 80 cm (L x K x P)<\/li>\n\n\n\n<li><strong>P\u00e4\u00e4materiaali:<\/strong> 1000D Cordura (100% polyamidi)<\/li>\n\n\n\n<li><strong>Nauhat:<\/strong> 100% polyesteri<\/li>\n\n\n\n<li><strong>Soljet:<\/strong> ter\u00e4st\u00e4<\/li>\n\n\n\n<li><strong>Pehmusteet: <\/strong>umpisolumuovi<\/li>\n<\/ul>\n\n\n\n<p><strong>Materiaalin ominaisuudet<\/strong><\/p>\n\n\n\n<ul class=\"wp-block-list\">\n<li><strong>Kankaan ja hihnojen lujuus: <\/strong>Kuten aina Savotan tuotteissa, k\u00e4ytet\u00e4\u00e4n materiaaleja ja ompeleita, jotka kest\u00e4v\u00e4t ronskimmankin taistelijan k\u00e4ytt\u00f6\u00e4.<\/li>\n\n\n\n<li><strong>Vetoketjujen ja solkien laatu:<\/strong> Sama kaava toistuu my\u00f6s t\u00e4ss\u00e4 \u2013 vetoketjut tuntuvat j\u00e4m\u00e4k\u00f6ilt\u00e4. Mit\u00e4 solkiin tulee, niin niit\u00e4 ei ainakaan k\u00e4ytt\u00e4m\u00e4ll\u00e4 rikki saa.<\/li>\n\n\n\n<li><strong>Veden- ja s\u00e4\u00e4n kest\u00e4vyys:<\/strong> Suihkutestiss\u00e4 kangas ei p\u00e4\u00e4st\u00e4 vett\u00e4 kovin nopeasti l\u00e4pi. Vetoketjujen kohdalta vesi p\u00e4\u00e4see l\u00e4pi, jos sit\u00e4 pakkautuu vetoketjun p\u00e4\u00e4lle<\/li>\n\n\n\n<li><strong>Kuivuminen:<\/strong> Riippuu s\u00e4\u00e4olosuhteista. L\u00e4mpim\u00e4ll\u00e4 kelill\u00e4 laukku kuivui varjossa noin tunnissa.<\/li>\n\n\n\n<li><strong>Ompeleiden ja vahvikkeiden laatu:<\/strong> Ristiompeleet velcroissa takaavat kest\u00e4vyyden, sill\u00e4 veto ei kohdistu pelk\u00e4st\u00e4\u00e4n palan reunoihin. Kokemuksen perusteella my\u00f6s saumojen ompeleet ovat vahvoja.<\/li>\n<\/ul>\n\n\n\n<p><strong>Kest\u00e4vyys ja mukavuus<\/strong><\/p>\n\n\n\n<ul class=\"wp-block-list\">\n<li><strong>Kantomukavuus:<\/strong> T\u00e4yteen pakattu keikkalaukku on ep\u00e4mukava kantaa perinteisell\u00e4 olkahihnalla. Savotta onkin kehitt\u00e4nyt t\u00e4t\u00e4 varten Keikka Backpack Harnessin, jonka ansiosta my\u00f6s Keikka 80L:n voi kantaa sel\u00e4ss\u00e4 kuin repun.<\/li>\n\n\n\n<li>Kantovaihtoehdot: Kantohihnat l\u00f6ytyv\u00e4t sivuilta ja laukun toisesta p\u00e4\u00e4st\u00e4 sek\u00e4 lis\u00e4ksi olkahihna. Olkahihnan voi s\u00e4\u00e4t\u00e4\u00e4 kolmeen eri kohtaan: kulmasta kulmaan, keskelle tai silt\u00e4 v\u00e4lilt\u00e4. Pienell\u00e4 lis\u00e4panostuksella saatavilla on my\u00f6s edell\u00e4 mainittu Keikka Backpack Harness.<\/li>\n\n\n\n<li><strong>Taskujen k\u00e4yt\u00e4nn\u00f6llisyys ja saavutettavuus:<\/strong> Laukun ulkopuolella on yksi vetoketjullinen tasku, jonka sis\u00e4ll\u00e4 on kaksi verkkotaskua tavaroiden erittelyyn. Laukun sis\u00e4ll\u00e4 on kaksi isoa verkkotaskua. Verkkotaskuissa ei ole kiinnitysmekanismia, mik\u00e4 on pieni miinus.<\/li>\n\n\n\n<li><strong>Kuormanhallinta:<\/strong> Laukussa ei ole mahdollisuutta jakaa varusteita tai vaatteita eri osastoihin.<\/li>\n\n\n\n<li><strong>Yhteensopivuus muiden varusteiden kanssa:<\/strong> Edell\u00e4 mainittuun osastoinnin ongelmaan apua tarjoaa Savotan Trinket Pouch -sarja, jota l\u00f6ytyy kolmea eri kokoa: 10\u00d715\u202fcm, 15\u00d720\u202fcm ja 20\u00d730\u202fcm. Trinket Pouchit kiinnitet\u00e4\u00e4n laukun sis\u00e4lle valmiiksi kiinnitetyill\u00e4 velcroilla, jotka ovat sek\u00e4 laukussa ett\u00e4 verkkopusseissa.<\/li>\n<\/ul>\n\n\n\n<p><strong>Kest\u00e4vyys ja huolto<\/strong><\/p>\n\n\n\n<ul class=\"wp-block-list\">\n<li><strong>Kulutuskest\u00e4vyys:<\/strong> Nelj\u00e4n kuukauden k\u00e4yt\u00f6n j\u00e4lkeen laukkuun ei ole ilmestynyt kulumisen merkkej\u00e4. Vetoketjut, velcrot, hihnat ja verkkotaskut toimivat edelleen moitteettomasti.<\/li>\n\n\n\n<li><strong>Helppous puhdistaa:<\/strong> Kevyt lika l\u00e4htee helposti suihkuttamalla vett\u00e4.<\/li>\n<\/ul>\n\n\n\n<p><strong>Toiminnallinen suorituskyky<\/strong><\/p>\n\n\n\n<ul class=\"wp-block-list\">\n<li><strong>Naamiointiominaisuudet:<\/strong> Laukkua on saatavana v\u00e4reiss\u00e4 Ranger Green, musta ja ruskea. V\u00e4rit sulautuvat helposti suomalaiseen maastoon, mutta huomioi materiaalivastuu.<\/li>\n\n\n\n<li><strong>Tilavuus:<\/strong> Tilavuus oli se syy, miksi Keikka 80L haluttiin testiin. L\u00e4ht\u00f6kohtana oli saada kaikki tarvittava yhteen laukkuun, kuten tst-kamat, majoituskamppeet, vaatteet ja muona. T\u00e4ss\u00e4 testiss\u00e4 laukku suoriutui hyvin, vaikka yhdest\u00e4 isosta s\u00e4ilytystilasta tavaroiden etsiminen vie hieman turhaa aikaa.<\/li>\n<\/ul>\n\n\n\n<p><strong>Kentt\u00e4palautteen perusteet<\/strong><\/p>\n\n\n\n<ul class=\"wp-block-list\">\n<li><strong>K\u00e4ytt\u00f6mukavuus t\u00e4ydell\u00e4 kuormalla:<\/strong> Mit\u00e4 isompi laukku, sit\u00e4 enemm\u00e4n tavaraa ja sit\u00e4 ep\u00e4mukavampi se on kantaa. Tuskin l\u00f6ytyy keikkalaukku, jonka tilavuus olisi 80\u202fL ja joka olisi eritt\u00e4in miellytt\u00e4v\u00e4 kantaa t\u00e4yteen pakattuna.<\/li>\n\n\n\n<li><strong>Pitk\u00e4\u00e4kestoisen k\u00e4yt\u00f6n luotettavuus:<\/strong> Laukku on ollut k\u00e4yt\u00f6ss\u00e4 vasta nelj\u00e4 kuukautta, joten luotettava pitk\u00e4n aikav\u00e4lin arvio on viel\u00e4 vaikea antaa. Eritt\u00e4in vahva tunne kuitenkin on, ett\u00e4 t\u00e4ll\u00e4 laukulla p\u00e4rj\u00e4t\u00e4\u00e4n viel\u00e4 useita vuosia.<\/li>\n\n\n\n<li><strong>Mahdolliset heikot kohdat:<\/strong> Verkkotaskut saattavat olla ensimm\u00e4isi\u00e4 osia, jotka voivat kulua, mutta j\u00e4rkev\u00e4ll\u00e4 k\u00e4yt\u00f6ll\u00e4 niidenkin k\u00e4ytt\u00f6ik\u00e4\u00e4 voi varmasti pident\u00e4\u00e4.<\/li>\n<\/ul>\n\n\n\n<p><strong>K\u00e4ytt\u00e4j\u00e4n arvio:<\/strong> Tyylik\u00e4s ja k\u00e4yt\u00e4nn\u00f6llinen, sotilasvarusteiden parempaa Sepp\u00e4l\u00e4\u00e4. Eritt\u00e4in tilava, ja lis\u00e4taskuilla tilaa saa viel\u00e4 lis\u00e4\u00e4.<\/p>\n\n\n\n<p><strong>Yleinen k\u00e4ytt\u00f6mukavuus:<\/strong> Tilavuus, laukun muoto ja j\u00e4ykkyys ovat ehdottomasti sen parhaimmat ominaisuudet. Hyv\u00e4n\u00e4 lis\u00e4n\u00e4 ovat Trinket Pouchit, joihin saa s\u00e4il\u00f6\u00f6n kaikenlaista pienemp\u00e4\u00e4 tavaraa.<\/p>\n\n\n\n<p><strong>Arvosana:<\/strong> 4.8\/5 Kantomukavuuteen voisi tehd\u00e4 parannuksen.<\/p>\n\n\n\n<p><strong>Suositukset jatkokehitykseen:<\/strong> S\u00e4ilytystilan osastointi varusteille olisi eritt\u00e4in positiivinen kehitysaskel. Toisaalta se voisi vaikuttaa negatiivisesti s\u00e4ilytystilan kokonaisuuteen, mutta t\u00e4h\u00e4nkin ongelmaan l\u00f6ytyy varmasti miellytt\u00e4v\u00e4 ratkaisu. Kantomukavuus voisi parantua pehmustetulla olkahihnalla.<\/p>\n\n\n\n<figure class=\"wp-block-gallery has-nested-images columns-default is-cropped wp-block-gallery-1 is-layout-flex wp-block-gallery-is-layout-flex\">\n<figure class=\"wp-block-image size-large\"><img loading=\"lazy\" decoding=\"async\" width=\"1024\" height=\"682\" data-id=\"316\" src=\"https:\/\/resmil.fi\/wp-content\/uploads\/2025\/08\/1000002292-1024x682.jpg\" alt=\"\" class=\"wp-image-316\" srcset=\"https:\/\/resmil.fi\/wp-content\/uploads\/2025\/08\/1000002292-1024x682.jpg 1024w, https:\/\/resmil.fi\/wp-content\/uploads\/2025\/08\/1000002292-300x200.jpg 300w, https:\/\/resmil.fi\/wp-content\/uploads\/2025\/08\/1000002292-768x512.jpg 768w, https:\/\/resmil.fi\/wp-content\/uploads\/2025\/08\/1000002292-1536x1023.jpg 1536w, https:\/\/resmil.fi\/wp-content\/uploads\/2025\/08\/1000002292.jpg 1600w\" sizes=\"auto, (max-width: 1024px) 100vw, 1024px\" \/><\/figure>\n\n\n\n<figure class=\"wp-block-image size-large\"><img loading=\"lazy\" decoding=\"async\" width=\"1024\" height=\"682\" data-id=\"314\" src=\"https:\/\/resmil.fi\/wp-content\/uploads\/2025\/08\/1000002294-1024x682.jpg\" alt=\"\" class=\"wp-image-314\" srcset=\"https:\/\/resmil.fi\/wp-content\/uploads\/2025\/08\/1000002294-1024x682.jpg 1024w, https:\/\/resmil.fi\/wp-content\/uploads\/2025\/08\/1000002294-300x200.jpg 300w, https:\/\/resmil.fi\/wp-content\/uploads\/2025\/08\/1000002294-768x512.jpg 768w, https:\/\/resmil.fi\/wp-content\/uploads\/2025\/08\/1000002294-1536x1023.jpg 1536w, https:\/\/resmil.fi\/wp-content\/uploads\/2025\/08\/1000002294.jpg 1600w\" sizes=\"auto, (max-width: 1024px) 100vw, 1024px\" \/><\/figure>\n\n\n\n<figure class=\"wp-block-image size-large\"><img loading=\"lazy\" decoding=\"async\" width=\"1024\" height=\"682\" data-id=\"315\" src=\"https:\/\/resmil.fi\/wp-content\/uploads\/2025\/08\/1000002293-1024x682.jpg\" alt=\"\" class=\"wp-image-315\" srcset=\"https:\/\/resmil.fi\/wp-content\/uploads\/2025\/08\/1000002293-1024x682.jpg 1024w, https:\/\/resmil.fi\/wp-content\/uploads\/2025\/08\/1000002293-300x200.jpg 300w, https:\/\/resmil.fi\/wp-content\/uploads\/2025\/08\/1000002293-768x512.jpg 768w, https:\/\/resmil.fi\/wp-content\/uploads\/2025\/08\/1000002293-1536x1023.jpg 1536w, https:\/\/resmil.fi\/wp-content\/uploads\/2025\/08\/1000002293.jpg 1600w\" sizes=\"auto, (max-width: 1024px) 100vw, 1024px\" \/><\/figure>\n\n\n\n<figure class=\"wp-block-image size-large\"><img loading=\"lazy\" decoding=\"async\" width=\"1024\" height=\"683\" data-id=\"473\" src=\"https:\/\/resmil.fi\/wp-content\/uploads\/2025\/10\/Keikkalaukku-6-1024x683.jpg\" alt=\"\" class=\"wp-image-473\" srcset=\"https:\/\/resmil.fi\/wp-content\/uploads\/2025\/10\/Keikkalaukku-6-1024x683.jpg 1024w, https:\/\/resmil.fi\/wp-content\/uploads\/2025\/10\/Keikkalaukku-6-300x200.jpg 300w, https:\/\/resmil.fi\/wp-content\/uploads\/2025\/10\/Keikkalaukku-6-768x512.jpg 768w, https:\/\/resmil.fi\/wp-content\/uploads\/2025\/10\/Keikkalaukku-6-1536x1024.jpg 1536w, https:\/\/resmil.fi\/wp-content\/uploads\/2025\/10\/Keikkalaukku-6-2048x1365.jpg 2048w\" sizes=\"auto, (max-width: 1024px) 100vw, 1024px\" \/><\/figure>\n\n\n\n<figure class=\"wp-block-image size-large\"><img loading=\"lazy\" decoding=\"async\" width=\"1024\" height=\"683\" data-id=\"474\" src=\"https:\/\/resmil.fi\/wp-content\/uploads\/2025\/10\/Keikkalaukku-5-1024x683.jpg\" alt=\"\" class=\"wp-image-474\" srcset=\"https:\/\/resmil.fi\/wp-content\/uploads\/2025\/10\/Keikkalaukku-5-1024x683.jpg 1024w, https:\/\/resmil.fi\/wp-content\/uploads\/2025\/10\/Keikkalaukku-5-300x200.jpg 300w, https:\/\/resmil.fi\/wp-content\/uploads\/2025\/10\/Keikkalaukku-5-768x512.jpg 768w, https:\/\/resmil.fi\/wp-content\/uploads\/2025\/10\/Keikkalaukku-5-1536x1024.jpg 1536w, https:\/\/resmil.fi\/wp-content\/uploads\/2025\/10\/Keikkalaukku-5-2048x1365.jpg 2048w\" sizes=\"auto, (max-width: 1024px) 100vw, 1024px\" \/><\/figure>\n<\/figure>\n","protected":false},"excerpt":{"rendered":"<p>Tekniset tiedot: Materiaalin ominaisuudet Kest\u00e4vyys ja mukavuus Kest\u00e4vyys ja huolto Toiminnallinen suorituskyky Kentt\u00e4palautteen perusteet K\u00e4ytt\u00e4j\u00e4n arvio: Tyylik\u00e4s ja k\u00e4yt\u00e4nn\u00f6llinen, sotilasvarusteiden parempaa Sepp\u00e4l\u00e4\u00e4. Eritt\u00e4in tilava, ja lis\u00e4taskuilla tilaa saa viel\u00e4 lis\u00e4\u00e4. Yleinen k\u00e4ytt\u00f6mukavuus: Tilavuus, laukun muoto ja j\u00e4ykkyys ovat ehdottomasti sen parhaimmat ominaisuudet. Hyv\u00e4n\u00e4 lis\u00e4n\u00e4 ovat Trinket Pouchit, joihin saa s\u00e4il\u00f6\u00f6n kaikenlaista pienemp\u00e4\u00e4 tavaraa. Arvosana: 4.8\/5 [&hellip;]<\/p>\n","protected":false},"author":4,"featured_media":0,"parent":150,"menu_order":0,"comment_status":"closed","ping_status":"closed","template":"","meta":{"site-container-style":"default","site-container-layout":"default","site-sidebar-layout":"default","site-transparent-header":"default","disable-article-header":"default","disable-site-header":"default","disable-site-footer":"default","disable-content-area-spacing":"default","footnotes":""},"class_list":["post-116","page","type-page","status-publish","hentry"],"_links":{"self":[{"href":"https:\/\/resmil.fi\/index.php\/wp-json\/wp\/v2\/pages\/116","targetHints":{"allow":["GET"]}}],"collection":[{"href":"https:\/\/resmil.fi\/index.php\/wp-json\/wp\/v2\/pages"}],"about":[{"href":"https:\/\/resmil.fi\/index.php\/wp-json\/wp\/v2\/types\/page"}],"author":[{"embeddable":true,"href":"https:\/\/resmil.fi\/index.php\/wp-json\/wp\/v2\/users\/4"}],"replies":[{"embeddable":true,"href":"https:\/\/resmil.fi\/index.php\/wp-json\/wp\/v2\/comments?post=116"}],"version-history":[{"count":13,"href":"https:\/\/resmil.fi\/index.php\/wp-json\/wp\/v2\/pages\/116\/revisions"}],"predecessor-version":[{"id":477,"href":"https:\/\/resmil.fi\/index.php\/wp-json\/wp\/v2\/pages\/116\/revisions\/477"}],"up":[{"embeddable":true,"href":"https:\/\/resmil.fi\/index.php\/wp-json\/wp\/v2\/pages\/150"}],"wp:attachment":[{"href":"https:\/\/resmil.fi\/index.php\/wp-json\/wp\/v2\/media?parent=116"}],"curies":[{"name":"wp","href":"https:\/\/api.w.org\/{rel}","templated":true}]}}