{"id":255,"date":"2025-06-21T00:03:55","date_gmt":"2025-06-20T21:03:55","guid":{"rendered":"https:\/\/resmil.fi\/?page_id=255"},"modified":"2025-10-19T20:34:25","modified_gmt":"2025-10-19T17:34:25","slug":"etusivu","status":"publish","type":"page","link":"https:\/\/resmil.fi\/","title":{"rendered":"Etusivu"},"content":{"rendered":"\n<figure class=\"wp-block-image aligncenter size-full is-resized\"><img loading=\"lazy\" decoding=\"async\" width=\"398\" height=\"461\" src=\"https:\/\/resmil.fi\/wp-content\/uploads\/2025\/06\/Maastovarit@2x-1.png\" alt=\"\" class=\"wp-image-258\" style=\"width:185px;height:auto\" srcset=\"https:\/\/resmil.fi\/wp-content\/uploads\/2025\/06\/Maastovarit@2x-1.png 398w, https:\/\/resmil.fi\/wp-content\/uploads\/2025\/06\/Maastovarit@2x-1-259x300.png 259w\" sizes=\"auto, (max-width: 398px) 100vw, 398px\" \/><\/figure>\n\n\n\n<p class=\"has-text-align-center\">Finnish Reserve Forces edustaa suomalaisen maanpuolustuksen yhten\u00e4isyytt\u00e4.<br>Yhteiset arvot ja tavoitteet tekev\u00e4t meist\u00e4 enemm\u00e4n kuin yksil\u00f6it\u00e4; olemme toimintakykyinen kokonaisuus. Suomen reservil\u00e4iset muodostavat puolustuskykymme perustan, osaamistamme sek\u00e4 maanpuolustustahtoamme arvostetaan kansainv\u00e4lisesti.<\/p>\n\n\n\n<p class=\"has-text-align-center\"> Reservil\u00e4iset ovat is\u00e4nmaamme puolustuksen vankka perusta.<\/p>\n\n\n\n<p class=\"has-text-align-center\"><\/p>\n\n\n\n<p class=\"has-text-align-center\"><\/p>\n\n\n\n<p><\/p>\n","protected":false},"excerpt":{"rendered":"<p>Finnish Reserve Forces edustaa suomalaisen maanpuolustuksen yhten\u00e4isyytt\u00e4.Yhteiset arvot ja tavoitteet tekev\u00e4t meist\u00e4 enemm\u00e4n kuin yksil\u00f6it\u00e4; olemme toimintakykyinen kokonaisuus. Suomen reservil\u00e4iset muodostavat puolustuskykymme perustan, osaamistamme sek\u00e4 maanpuolustustahtoamme arvostetaan kansainv\u00e4lisesti. Reservil\u00e4iset ovat is\u00e4nmaamme puolustuksen vankka perusta.<\/p>\n","protected":false},"author":4,"featured_media":0,"parent":0,"menu_order":0,"comment_status":"closed","ping_status":"closed","template":"","meta":{"site-container-style":"default","site-container-layout":"default","site-sidebar-layout":"default","site-transparent-header":"default","disable-article-header":"default","disable-site-header":"default","disable-site-footer":"default","disable-content-area-spacing":"default","footnotes":""},"class_list":["post-255","page","type-page","status-publish","hentry"],"_links":{"self":[{"href":"https:\/\/resmil.fi\/index.php\/wp-json\/wp\/v2\/pages\/255","targetHints":{"allow":["GET"]}}],"collection":[{"href":"https:\/\/resmil.fi\/index.php\/wp-json\/wp\/v2\/pages"}],"about":[{"href":"https:\/\/resmil.fi\/index.php\/wp-json\/wp\/v2\/types\/page"}],"author":[{"embeddable":true,"href":"https:\/\/resmil.fi\/index.php\/wp-json\/wp\/v2\/users\/4"}],"replies":[{"embeddable":true,"href":"https:\/\/resmil.fi\/index.php\/wp-json\/wp\/v2\/comments?post=255"}],"version-history":[{"count":14,"href":"https:\/\/resmil.fi\/index.php\/wp-json\/wp\/v2\/pages\/255\/revisions"}],"predecessor-version":[{"id":484,"href":"https:\/\/resmil.fi\/index.php\/wp-json\/wp\/v2\/pages\/255\/revisions\/484"}],"wp:attachment":[{"href":"https:\/\/resmil.fi\/index.php\/wp-json\/wp\/v2\/media?parent=255"}],"curies":[{"name":"wp","href":"https:\/\/api.w.org\/{rel}","templated":true}]}}