{"id":268,"date":"2025-06-21T21:29:46","date_gmt":"2025-06-21T18:29:46","guid":{"rendered":"https:\/\/resmil.fi\/?page_id=268"},"modified":"2025-10-20T18:18:01","modified_gmt":"2025-10-20T15:18:01","slug":"frf-t-paita","status":"publish","type":"page","link":"https:\/\/resmil.fi\/index.php\/tuotteet\/frf-t-paita-2\/frf-t-paita\/","title":{"rendered":"Finnish Reserve Forces t-paita"},"content":{"rendered":"\n<p><strong>Hinta: <\/strong>40\u20ac + toimituskulut<\/p>\n\n\n\n<p><strong>Miten tilaus onnistuu?<\/strong><\/p>\n\n\n\n<p><strong>Vaihe 1: <\/strong>Valitse haluamasi paidan koko.<br><strong>Vaihe 2:<\/strong> L\u00e4het\u00e4 tilaus s\u00e4hk\u00f6postilla osoitteeseen <strong>info@resmil.fi<\/strong> tai Instagramissa <strong>@finnish_reserve_forces<\/strong>. Kirjoita viestiisi my\u00f6s etu- ja sukunimesi, kotiosoitteesi ja s\u00e4hk\u00f6postiosoitteesi postitusta ja laskutusta varten.<br><strong>Vaihe 3:<\/strong> Valmistaudu noutamaan pakettisi l\u00e4himm\u00e4lt\u00e4 noutopisteelt\u00e4si.<\/p>\n\n\n\n<p>Neoteric-kangas siirt\u00e4\u00e4 kosteuden iholta kankaaseen, josta se haihtuu nopeasti. Paita sopii erinomaisesti treenik\u00e4ytt\u00f6\u00f6n tai muuten vain, kun haluat n\u00e4ytt\u00e4\u00e4 hyv\u00e4lt\u00e4 ja samalla osoittaa suomalaisen reservil\u00e4isyyden yhten\u00e4isyytt\u00e4 sek\u00e4 maanpuolustustahtoa.<\/p>\n\n\n\n<p>-100 % polyesteri<br>-Paino: 140 g\/m\u00b2<br>-Istutetut hihat<br>-Kapea kauluskanttaus<br>-Kaksoistikkaukset<br>-UPF 40+ UV-suoja<\/p>\n\n\n\n<figure class=\"wp-block-table\"><table class=\"has-fixed-layout\"><tbody><tr><td>Koko<\/td><td>Leveys cm<\/td><td>Pituus cm<\/td><\/tr><tr><td>S<\/td><td>48<\/td><td>70<\/td><\/tr><tr><td>M<\/td><td>51,5<\/td><td>72,5<\/td><\/tr><tr><td>L<\/td><td>55<\/td><td>75<\/td><\/tr><tr><td>XL<\/td><td>58,5<\/td><td>77,5<\/td><\/tr><\/tbody><\/table><\/figure>\n\n\n\n<figure class=\"wp-block-gallery has-nested-images columns-default is-cropped wp-block-gallery-1 is-layout-flex wp-block-gallery-is-layout-flex\">\n<figure class=\"wp-block-image size-large\"><img loading=\"lazy\" decoding=\"async\" width=\"1024\" height=\"683\" data-id=\"402\" src=\"https:\/\/resmil.fi\/wp-content\/uploads\/2025\/10\/H5A4004-1024x683.jpg\" alt=\"\" class=\"wp-image-402\" srcset=\"https:\/\/resmil.fi\/wp-content\/uploads\/2025\/10\/H5A4004-1024x683.jpg 1024w, https:\/\/resmil.fi\/wp-content\/uploads\/2025\/10\/H5A4004-300x200.jpg 300w, https:\/\/resmil.fi\/wp-content\/uploads\/2025\/10\/H5A4004-768x512.jpg 768w, https:\/\/resmil.fi\/wp-content\/uploads\/2025\/10\/H5A4004-1536x1024.jpg 1536w, https:\/\/resmil.fi\/wp-content\/uploads\/2025\/10\/H5A4004-2048x1365.jpg 2048w\" sizes=\"auto, (max-width: 1024px) 100vw, 1024px\" \/><\/figure>\n\n\n\n<figure class=\"wp-block-image size-large\"><img loading=\"lazy\" decoding=\"async\" width=\"683\" height=\"1024\" data-id=\"406\" src=\"https:\/\/resmil.fi\/wp-content\/uploads\/2025\/10\/H5A3972-683x1024.jpg\" alt=\"\" class=\"wp-image-406\" srcset=\"https:\/\/resmil.fi\/wp-content\/uploads\/2025\/10\/H5A3972-683x1024.jpg 683w, https:\/\/resmil.fi\/wp-content\/uploads\/2025\/10\/H5A3972-200x300.jpg 200w, https:\/\/resmil.fi\/wp-content\/uploads\/2025\/10\/H5A3972-768x1152.jpg 768w, https:\/\/resmil.fi\/wp-content\/uploads\/2025\/10\/H5A3972-1024x1536.jpg 1024w, https:\/\/resmil.fi\/wp-content\/uploads\/2025\/10\/H5A3972-1365x2048.jpg 1365w, https:\/\/resmil.fi\/wp-content\/uploads\/2025\/10\/H5A3972-scaled.jpg 1707w\" sizes=\"auto, (max-width: 683px) 100vw, 683px\" \/><\/figure>\n\n\n\n<figure class=\"wp-block-image size-large\"><img loading=\"lazy\" decoding=\"async\" width=\"1024\" height=\"683\" data-id=\"405\" src=\"https:\/\/resmil.fi\/wp-content\/uploads\/2025\/10\/H5A3986-1024x683.jpg\" alt=\"\" class=\"wp-image-405\" srcset=\"https:\/\/resmil.fi\/wp-content\/uploads\/2025\/10\/H5A3986-1024x683.jpg 1024w, https:\/\/resmil.fi\/wp-content\/uploads\/2025\/10\/H5A3986-300x200.jpg 300w, https:\/\/resmil.fi\/wp-content\/uploads\/2025\/10\/H5A3986-768x512.jpg 768w, https:\/\/resmil.fi\/wp-content\/uploads\/2025\/10\/H5A3986-1536x1024.jpg 1536w, https:\/\/resmil.fi\/wp-content\/uploads\/2025\/10\/H5A3986-2048x1365.jpg 2048w\" sizes=\"auto, (max-width: 1024px) 100vw, 1024px\" \/><\/figure>\n\n\n\n<figure class=\"wp-block-image size-large\"><img loading=\"lazy\" decoding=\"async\" width=\"1024\" height=\"683\" data-id=\"404\" src=\"https:\/\/resmil.fi\/wp-content\/uploads\/2025\/10\/H5A3990-1024x683.jpg\" alt=\"\" class=\"wp-image-404\" srcset=\"https:\/\/resmil.fi\/wp-content\/uploads\/2025\/10\/H5A3990-1024x683.jpg 1024w, https:\/\/resmil.fi\/wp-content\/uploads\/2025\/10\/H5A3990-300x200.jpg 300w, https:\/\/resmil.fi\/wp-content\/uploads\/2025\/10\/H5A3990-768x512.jpg 768w, https:\/\/resmil.fi\/wp-content\/uploads\/2025\/10\/H5A3990-1536x1024.jpg 1536w, https:\/\/resmil.fi\/wp-content\/uploads\/2025\/10\/H5A3990-2048x1365.jpg 2048w\" sizes=\"auto, (max-width: 1024px) 100vw, 1024px\" \/><\/figure>\n<\/figure>\n","protected":false},"excerpt":{"rendered":"<p>Hinta: 40\u20ac + toimituskulut Miten tilaus onnistuu? Vaihe 1: Valitse haluamasi paidan koko.Vaihe 2: L\u00e4het\u00e4 tilaus s\u00e4hk\u00f6postilla osoitteeseen info@resmil.fi tai Instagramissa @finnish_reserve_forces. Kirjoita viestiisi my\u00f6s etu- ja sukunimesi, kotiosoitteesi ja s\u00e4hk\u00f6postiosoitteesi postitusta ja laskutusta varten.Vaihe 3: Valmistaudu noutamaan pakettisi l\u00e4himm\u00e4lt\u00e4 noutopisteelt\u00e4si. Neoteric-kangas siirt\u00e4\u00e4 kosteuden iholta kankaaseen, josta se haihtuu nopeasti. Paita sopii erinomaisesti treenik\u00e4ytt\u00f6\u00f6n tai [&hellip;]<\/p>\n","protected":false},"author":4,"featured_media":0,"parent":355,"menu_order":0,"comment_status":"closed","ping_status":"closed","template":"","meta":{"site-container-style":"default","site-container-layout":"default","site-sidebar-layout":"default","site-transparent-header":"default","disable-article-header":"default","disable-site-header":"default","disable-site-footer":"default","disable-content-area-spacing":"default","footnotes":""},"class_list":["post-268","page","type-page","status-publish","hentry"],"_links":{"self":[{"href":"https:\/\/resmil.fi\/index.php\/wp-json\/wp\/v2\/pages\/268","targetHints":{"allow":["GET"]}}],"collection":[{"href":"https:\/\/resmil.fi\/index.php\/wp-json\/wp\/v2\/pages"}],"about":[{"href":"https:\/\/resmil.fi\/index.php\/wp-json\/wp\/v2\/types\/page"}],"author":[{"embeddable":true,"href":"https:\/\/resmil.fi\/index.php\/wp-json\/wp\/v2\/users\/4"}],"replies":[{"embeddable":true,"href":"https:\/\/resmil.fi\/index.php\/wp-json\/wp\/v2\/comments?post=268"}],"version-history":[{"count":11,"href":"https:\/\/resmil.fi\/index.php\/wp-json\/wp\/v2\/pages\/268\/revisions"}],"predecessor-version":[{"id":526,"href":"https:\/\/resmil.fi\/index.php\/wp-json\/wp\/v2\/pages\/268\/revisions\/526"}],"up":[{"embeddable":true,"href":"https:\/\/resmil.fi\/index.php\/wp-json\/wp\/v2\/pages\/355"}],"wp:attachment":[{"href":"https:\/\/resmil.fi\/index.php\/wp-json\/wp\/v2\/media?parent=268"}],"curies":[{"name":"wp","href":"https:\/\/api.w.org\/{rel}","templated":true}]}}