{"id":322,"date":"2025-08-05T11:12:16","date_gmt":"2025-08-05T08:12:16","guid":{"rendered":"https:\/\/resmil.fi\/?page_id=322"},"modified":"2025-10-20T17:58:39","modified_gmt":"2025-10-20T14:58:39","slug":"direct-action-hard-gloves","status":"publish","type":"page","link":"https:\/\/resmil.fi\/index.php\/tuotetestaus\/x-varuste\/direct-action-hard-gloves\/","title":{"rendered":"Direct Action Hard Gloves"},"content":{"rendered":"\n<p><a href=\"https:\/\/xvaruste.fi\/direct-action-hard-gloves\/\" data-type=\"link\" data-id=\"https:\/\/xvaruste.fi\/direct-action-hard-gloves\/\">Tilaa t\u00e4st\u00e4<\/a><\/p>\n\n\n\n<p>Alennuskoodilla <strong>resmil2025 <\/strong>saat -10 % alennuksen X-varusteen verkkokaupasta.<\/p>\n\n\n\n<p><strong>Tekniset tiedot:<\/strong><\/p>\n\n\n\n<ul class=\"wp-block-list\">\n<li>Hengitt\u00e4v\u00e4t<\/li>\n\n\n\n<li>Kosketusn\u00e4ytt\u00f6yhteensopivat sormenp\u00e4\u00e4t<\/li>\n\n\n\n<li>Tekonahkaa<\/li>\n<\/ul>\n\n\n\n<p><strong>Materiaalin ominaisuudet<\/strong><\/p>\n\n\n\n<ul class=\"wp-block-list\">\n<li><strong>Kankaan ja materiaalin laatu: <\/strong>Joustavat ja hengitt\u00e4v\u00e4t osat tekev\u00e4t k\u00e4ytt\u00f6mukaavuudesta hyv\u00e4n. Paksumpi rakenne antaa hieman lis\u00e4\u00e4 suojaa, mutta vaikuttaa hienomotoriikkaan.<\/li>\n\n\n\n<li><strong>Vahvikkeet ja suojaavat rakenteet: <\/strong>Ei erillisi\u00e4 suojarakenteita, kuten viiltosuojaa tai iskunsuojaa. Hanskan rakenne suojaa kuitenkin perusk\u00e4yt\u00f6ss\u00e4 riitt\u00e4v\u00e4sti.<\/li>\n\n\n\n<li><strong>Hengitt\u00e4vyys ja kosteuden hallinta:<\/strong> K\u00e4mmenen materiaali ei ole optimaalinen  kosteissa oloissa. Kostuessaan pitotuntuma kuitenkin paranee jonkun verran. Hengitt\u00e4vyys k\u00e4mmensel\u00e4ss\u00e4 toimii hyvin.<\/li>\n\n\n\n<li><strong>Kosketusn\u00e4ytt\u00f6yhteensopivuus:<\/strong> Peukalo ja keskisormi on varustettu kosketusn\u00e4ytt\u00f6 yhteensopivalla materiaalilla, mutta materiaalin kest\u00e4vyys n\u00e4iss\u00e4 kohdissa on huono &#8211; kuluivat k\u00e4yt\u00f6ss\u00e4 nopeasti.<\/li>\n<\/ul>\n\n\n\n<p><strong>Istuvuus ja k\u00e4ytett\u00e4vyys<\/strong><\/p>\n\n\n\n<ul class=\"wp-block-list\">\n<li><strong>Istuvuus k\u00e4dess\u00e4:<\/strong> Leikkaus muotoilee k\u00e4tt\u00e4, ja hanska muotoutuu k\u00e4yt\u00f6ss\u00e4 entist\u00e4 paremmin. Sormien p\u00e4\u00e4t voisivat olla viel\u00e4 anatomisemmat.<\/li>\n\n\n\n<li><strong>Sormien liikkuvuus ja hienomotoriikan mahdollistaminen:<\/strong> Paksumpi materiaali ja sormenp\u00e4iden leikkaus rajoittavat hiukan liikkuvuutta verrattuna esim. Mechanixeihin.<\/li>\n\n\n\n<li><strong>Rannekiristys ja Hypalon-vetolenkin k\u00e4ytett\u00e4vyys:<\/strong> Ranteen kiristyslenkki on mukava ja ergonominen. Vetolenkit toimivat hyvin haskoja pukiessa ja riisuessa. Vetolenkeist\u00e4 hanskat saa my\u00f6s mukavasti karabiiniin tai vy\u00f6klipsiin roikkumaan.<\/li>\n\n\n\n<li><strong>Helppous pukea ja riisua:<\/strong> Eritt\u00e4in hyv\u00e4. Hanskat saa helposti k\u00e4teen ja pois.<\/li>\n\n\n\n<li><strong>Aseenk\u00e4sittelyyn ja v\u00e4linek\u00e4ytt\u00f6\u00f6n:<\/strong> Pitk\u00e4n aseen kanssa hyv\u00e4, ei juuri eroa paljaaseen k\u00e4teen. Pistoolin kanssa (esim. Glock) liipasinsormen paksumpi materiaali voi rajoittaa tuntumaa.<\/li>\n<\/ul>\n\n\n\n<p><strong>Kest\u00e4vyys ja huolto<\/strong><\/p>\n\n\n\n<ul class=\"wp-block-list\">\n<li><strong>Kulutuskest\u00e4vyys: <\/strong>Yleisesti hyv\u00e4. Ainoat kuluneet osat kentt\u00e4testiss\u00e4 olivat kosketusn\u00e4ytt\u00f6materiaalit (peukalo ja keskisormi), jotka ovat samaa haavoittuvaa materiaalia kuin Mechanixeiss\u00e4<\/li>\n\n\n\n<li><strong>Ompeleiden ja liitosten laatu:<\/strong> Ei ongelmia. Oletettavasti laadukkaat, koska muu hanska kesti k\u00e4ytt\u00f6\u00e4 hyvin.<\/li>\n\n\n\n<li><strong>Puhdistettavuus ja kuivumisnopeus:<\/strong> Kuivuvat kohtuullisen nopeasti. Eiv\u00e4t j\u00e4\u00e4 koppuraisiksi kuivumisen j\u00e4lkeen.<\/li>\n<\/ul>\n\n\n\n<p><strong>Toiminnallinen suorituskyky<\/strong><\/p>\n\n\n\n<ul class=\"wp-block-list\">\n<li><strong>Pito eri pinnoilla: <\/strong>Kuivana hieman liukas. Kosteana pito paranee. Ei paras mahdollinen pito, mutta ei my\u00f6sk\u00e4\u00e4n huono.<\/li>\n\n\n\n<li><strong>Yhteensopivuus muiden varusteiden kanssa: <\/strong>Hanska ulottuu hieman pitk\u00e4lle ranteeseen. Suuremman kellon tai kompassin kanssa voi tarvita asettelua.<\/li>\n\n\n\n<li><strong>Sormin\u00e4pp\u00e4ryys:<\/strong> Kohtalainen. Ei aivan yht\u00e4 hyv\u00e4 kuin Mechanixeiss\u00e4 paksumman materiaalin ja leikkauksen takia<\/li>\n<\/ul>\n\n\n\n<p><strong>Kentt\u00e4palautteen perusteet<\/strong><\/p>\n\n\n\n<ul class=\"wp-block-list\">\n<li><strong>Toimivuus eri l\u00e4mp\u00f6tiloissa:<\/strong> Kuumalla hengitt\u00e4vyyden takia hyv\u00e4. V\u00e4likausien keleill\u00e4 parhaimmillaan. Ei liian kuuma tai kylm\u00e4, kest\u00e4\u00e4 kohtalaisesti tuulta. Parin asteen pakkasilla menee viel\u00e4 hyvin, varsinkin liikkuessa. Koville pakkasille n\u00e4it\u00e4 hanskoja ei luonnollisesti ole tarkoitettu.<\/li>\n\n\n\n<li><strong>Luotettavuus intensiivisess\u00e4 k\u00e4yt\u00f6ss\u00e4:<\/strong> Hyv\u00e4. Kentt\u00e4testiss\u00e4 hanskat kestiv\u00e4t kovaa k\u00e4ytt\u00f6\u00e4 ehjin\u00e4, paitsi kosketusn\u00e4ytt\u00f6materiaali.<\/li>\n\n\n\n<li><strong>Mahdolliset heikot kohdat:<\/strong> Kosketusn\u00e4ytt\u00f6materiaali, kuluvat nopeasti. Pistoolin k\u00e4sittelyyn ei ihanteellinen, paksuuden vuoksi. Sormenp\u00e4iden leikkaus kaipaa hienos\u00e4\u00e4t\u00f6\u00e4.<\/li>\n<\/ul>\n\n\n\n<p><strong>K\u00e4ytt\u00e4j\u00e4n arvio<\/strong><\/p>\n\n\n\n<ul class=\"wp-block-list\">\n<li><strong>Yleinen k\u00e4ytt\u00f6mukavuus:<\/strong> Hyv\u00e4. Mielytt\u00e4v\u00e4 k\u00e4ytt\u00e4\u00e4, muotoutuu ajan my\u00f6t\u00e4. Ei liian j\u00e4ykk\u00e4.<\/li>\n<\/ul>\n\n\n\n<p><strong>Arvosana:<\/strong> 4\/5 Toimiva, kest\u00e4v\u00e4 ja hyv\u00e4 yleishanska. Pienet puutteet est\u00e4v\u00e4t t\u00e4yden arvosanan.<\/p>\n\n\n\n<p><strong>Suositus jatkokehitykseen:<\/strong> Kosketusn\u00e4ytt\u00f6materiaalin vaihtaminen kest\u00e4v\u00e4mp\u00e4\u00e4n. Sormenp\u00e4iden leikkauksen parantaminen. Pidon parantaminen.<\/p>\n\n\n\n<p><a href=\"https:\/\/xvaruste.fi\/direct-action-hard-gloves\/\" data-type=\"link\" data-id=\"https:\/\/xvaruste.fi\/direct-action-hard-gloves\/\">Tilaa t\u00e4st\u00e4<\/a><\/p>\n\n\n\n<p>Alennuskoodilla <strong>resmil2025 <\/strong>saat -10 % alennuksen X-varusteen verkkokaupasta.<\/p>\n\n\n\n<figure class=\"wp-block-gallery has-nested-images columns-default is-cropped wp-block-gallery-1 is-layout-flex wp-block-gallery-is-layout-flex\">\n<figure class=\"wp-block-image size-large\"><img loading=\"lazy\" decoding=\"async\" width=\"1024\" height=\"683\" data-id=\"413\" src=\"https:\/\/resmil.fi\/wp-content\/uploads\/2025\/10\/H5A3912-1024x683.jpg\" alt=\"\" class=\"wp-image-413\" srcset=\"https:\/\/resmil.fi\/wp-content\/uploads\/2025\/10\/H5A3912-1024x683.jpg 1024w, https:\/\/resmil.fi\/wp-content\/uploads\/2025\/10\/H5A3912-300x200.jpg 300w, https:\/\/resmil.fi\/wp-content\/uploads\/2025\/10\/H5A3912-768x512.jpg 768w, https:\/\/resmil.fi\/wp-content\/uploads\/2025\/10\/H5A3912-1536x1024.jpg 1536w, https:\/\/resmil.fi\/wp-content\/uploads\/2025\/10\/H5A3912-2048x1365.jpg 2048w\" sizes=\"auto, (max-width: 1024px) 100vw, 1024px\" \/><\/figure>\n\n\n\n<figure class=\"wp-block-image size-large\"><img loading=\"lazy\" decoding=\"async\" width=\"1024\" height=\"683\" data-id=\"412\" src=\"https:\/\/resmil.fi\/wp-content\/uploads\/2025\/10\/H5A3916-1024x683.jpg\" alt=\"\" class=\"wp-image-412\" srcset=\"https:\/\/resmil.fi\/wp-content\/uploads\/2025\/10\/H5A3916-1024x683.jpg 1024w, https:\/\/resmil.fi\/wp-content\/uploads\/2025\/10\/H5A3916-300x200.jpg 300w, https:\/\/resmil.fi\/wp-content\/uploads\/2025\/10\/H5A3916-768x512.jpg 768w, https:\/\/resmil.fi\/wp-content\/uploads\/2025\/10\/H5A3916-1536x1024.jpg 1536w, https:\/\/resmil.fi\/wp-content\/uploads\/2025\/10\/H5A3916-2048x1365.jpg 2048w\" sizes=\"auto, (max-width: 1024px) 100vw, 1024px\" \/><\/figure>\n\n\n\n<figure class=\"wp-block-image size-large\"><img loading=\"lazy\" decoding=\"async\" width=\"1024\" height=\"683\" data-id=\"411\" src=\"https:\/\/resmil.fi\/wp-content\/uploads\/2025\/10\/H5A3921-1024x683.jpg\" alt=\"\" class=\"wp-image-411\" srcset=\"https:\/\/resmil.fi\/wp-content\/uploads\/2025\/10\/H5A3921-1024x683.jpg 1024w, https:\/\/resmil.fi\/wp-content\/uploads\/2025\/10\/H5A3921-300x200.jpg 300w, https:\/\/resmil.fi\/wp-content\/uploads\/2025\/10\/H5A3921-768x512.jpg 768w, https:\/\/resmil.fi\/wp-content\/uploads\/2025\/10\/H5A3921-1536x1024.jpg 1536w, https:\/\/resmil.fi\/wp-content\/uploads\/2025\/10\/H5A3921-2048x1365.jpg 2048w\" sizes=\"auto, (max-width: 1024px) 100vw, 1024px\" \/><\/figure>\n\n\n\n<figure class=\"wp-block-image size-large\"><img loading=\"lazy\" decoding=\"async\" width=\"683\" height=\"1024\" data-id=\"410\" src=\"https:\/\/resmil.fi\/wp-content\/uploads\/2025\/10\/H5A3937-683x1024.jpg\" alt=\"\" class=\"wp-image-410\" srcset=\"https:\/\/resmil.fi\/wp-content\/uploads\/2025\/10\/H5A3937-683x1024.jpg 683w, https:\/\/resmil.fi\/wp-content\/uploads\/2025\/10\/H5A3937-200x300.jpg 200w, https:\/\/resmil.fi\/wp-content\/uploads\/2025\/10\/H5A3937-768x1152.jpg 768w, https:\/\/resmil.fi\/wp-content\/uploads\/2025\/10\/H5A3937-1024x1536.jpg 1024w, https:\/\/resmil.fi\/wp-content\/uploads\/2025\/10\/H5A3937-1365x2048.jpg 1365w, https:\/\/resmil.fi\/wp-content\/uploads\/2025\/10\/H5A3937-scaled.jpg 1707w\" sizes=\"auto, (max-width: 683px) 100vw, 683px\" \/><\/figure>\n\n\n\n<figure class=\"wp-block-image size-large\"><img loading=\"lazy\" decoding=\"async\" width=\"683\" height=\"1024\" data-id=\"409\" src=\"https:\/\/resmil.fi\/wp-content\/uploads\/2025\/10\/H5A3940-683x1024.jpg\" alt=\"\" class=\"wp-image-409\" srcset=\"https:\/\/resmil.fi\/wp-content\/uploads\/2025\/10\/H5A3940-683x1024.jpg 683w, https:\/\/resmil.fi\/wp-content\/uploads\/2025\/10\/H5A3940-200x300.jpg 200w, https:\/\/resmil.fi\/wp-content\/uploads\/2025\/10\/H5A3940-768x1152.jpg 768w, https:\/\/resmil.fi\/wp-content\/uploads\/2025\/10\/H5A3940-1024x1536.jpg 1024w, https:\/\/resmil.fi\/wp-content\/uploads\/2025\/10\/H5A3940-1365x2048.jpg 1365w, https:\/\/resmil.fi\/wp-content\/uploads\/2025\/10\/H5A3940-scaled.jpg 1707w\" sizes=\"auto, (max-width: 683px) 100vw, 683px\" \/><\/figure>\n\n\n\n<figure class=\"wp-block-image size-large\"><img loading=\"lazy\" decoding=\"async\" width=\"683\" height=\"1024\" data-id=\"408\" src=\"https:\/\/resmil.fi\/wp-content\/uploads\/2025\/10\/H5A3952-683x1024.jpg\" alt=\"\" class=\"wp-image-408\" srcset=\"https:\/\/resmil.fi\/wp-content\/uploads\/2025\/10\/H5A3952-683x1024.jpg 683w, https:\/\/resmil.fi\/wp-content\/uploads\/2025\/10\/H5A3952-200x300.jpg 200w, https:\/\/resmil.fi\/wp-content\/uploads\/2025\/10\/H5A3952-768x1152.jpg 768w, https:\/\/resmil.fi\/wp-content\/uploads\/2025\/10\/H5A3952-1024x1536.jpg 1024w, https:\/\/resmil.fi\/wp-content\/uploads\/2025\/10\/H5A3952-1365x2048.jpg 1365w, https:\/\/resmil.fi\/wp-content\/uploads\/2025\/10\/H5A3952-scaled.jpg 1707w\" sizes=\"auto, (max-width: 683px) 100vw, 683px\" \/><\/figure>\n<\/figure>\n","protected":false},"excerpt":{"rendered":"<p>Tilaa t\u00e4st\u00e4 Alennuskoodilla resmil2025 saat -10 % alennuksen X-varusteen verkkokaupasta. Tekniset tiedot: Materiaalin ominaisuudet Istuvuus ja k\u00e4ytett\u00e4vyys Kest\u00e4vyys ja huolto Toiminnallinen suorituskyky Kentt\u00e4palautteen perusteet K\u00e4ytt\u00e4j\u00e4n arvio Arvosana: 4\/5 Toimiva, kest\u00e4v\u00e4 ja hyv\u00e4 yleishanska. Pienet puutteet est\u00e4v\u00e4t t\u00e4yden arvosanan. Suositus jatkokehitykseen: Kosketusn\u00e4ytt\u00f6materiaalin vaihtaminen kest\u00e4v\u00e4mp\u00e4\u00e4n. Sormenp\u00e4iden leikkauksen parantaminen. Pidon parantaminen. Tilaa t\u00e4st\u00e4 Alennuskoodilla resmil2025 saat -10 % [&hellip;]<\/p>\n","protected":false},"author":4,"featured_media":0,"parent":148,"menu_order":0,"comment_status":"closed","ping_status":"closed","template":"","meta":{"site-container-style":"default","site-container-layout":"default","site-sidebar-layout":"default","site-transparent-header":"default","disable-article-header":"default","disable-site-header":"default","disable-site-footer":"default","disable-content-area-spacing":"default","footnotes":""},"class_list":["post-322","page","type-page","status-publish","hentry"],"_links":{"self":[{"href":"https:\/\/resmil.fi\/index.php\/wp-json\/wp\/v2\/pages\/322","targetHints":{"allow":["GET"]}}],"collection":[{"href":"https:\/\/resmil.fi\/index.php\/wp-json\/wp\/v2\/pages"}],"about":[{"href":"https:\/\/resmil.fi\/index.php\/wp-json\/wp\/v2\/types\/page"}],"author":[{"embeddable":true,"href":"https:\/\/resmil.fi\/index.php\/wp-json\/wp\/v2\/users\/4"}],"replies":[{"embeddable":true,"href":"https:\/\/resmil.fi\/index.php\/wp-json\/wp\/v2\/comments?post=322"}],"version-history":[{"count":15,"href":"https:\/\/resmil.fi\/index.php\/wp-json\/wp\/v2\/pages\/322\/revisions"}],"predecessor-version":[{"id":519,"href":"https:\/\/resmil.fi\/index.php\/wp-json\/wp\/v2\/pages\/322\/revisions\/519"}],"up":[{"embeddable":true,"href":"https:\/\/resmil.fi\/index.php\/wp-json\/wp\/v2\/pages\/148"}],"wp:attachment":[{"href":"https:\/\/resmil.fi\/index.php\/wp-json\/wp\/v2\/media?parent=322"}],"curies":[{"name":"wp","href":"https:\/\/api.w.org\/{rel}","templated":true}]}}