{"id":339,"date":"2025-08-10T02:11:26","date_gmt":"2025-08-09T23:11:26","guid":{"rendered":"https:\/\/resmil.fi\/?page_id=339"},"modified":"2026-01-22T21:19:21","modified_gmt":"2026-01-22T19:19:21","slug":"vagaalinen-jarru","status":"publish","type":"page","link":"https:\/\/resmil.fi\/index.php\/blogi\/vagaalinen-jarru\/","title":{"rendered":"Vagaalinen jarru"},"content":{"rendered":"\n<p>Ennen kuin luet Vagaalisesta jarrusta, niin suosittelen ensin lukemaan taktisen hengitt\u00e4misen osion.<\/p>\n\n\n\n<p>Vagaalinen jarru on kehon hermoston mekanismi, jossa vagushermo (kymmenes aivohermo) s\u00e4\u00e4telee syd\u00e4men sykett\u00e4 ja rauhoittaa kehoa.<\/p>\n\n\n\n<h3 class=\"wp-block-heading\">Mit\u00e4 vagaalinen jarru tarkoittaa?<\/h3>\n\n\n\n<ul class=\"wp-block-list\">\n<li>Vagaalinen jarru on parasympaattisen hermoston aktivoitumista, joka hidastaa syd\u00e4men ly\u00f6ntitiheytt\u00e4.<\/li>\n\n\n\n<li>Se toimii &#8221;jarruna&#8221; sympaattisen hermoston kiihtymiselle ja stressireaktioille.<\/li>\n\n\n\n<li>Kun vagaalinen jarru on aktiivinen, keho on rauhallisessa, levon ja palautumisen tilassa.<\/li>\n<\/ul>\n\n\n\n<h3 class=\"wp-block-heading\">Miksi se on t\u00e4rke\u00e4?<\/h3>\n\n\n\n<ul class=\"wp-block-list\">\n<li>Se auttaa kehoa palaamaan tasapainoon stressaavan tilanteen j\u00e4lkeen.<\/li>\n\n\n\n<li>Vagaalinen jarru on keskeinen osa autonomisen hermoston s\u00e4\u00e4tely\u00e4 ja stressinhallintaa.<\/li>\n\n\n\n<li>Se edist\u00e4\u00e4 hengityksen ja syd\u00e4men sykkeen synkroniaa (ns. hengitys-syketaajuuden variabiliteetti, HRV), mik\u00e4 on merkki hyv\u00e4st\u00e4 autonomisen hermoston joustavuudesta.<\/li>\n<\/ul>\n\n\n\n<h3 class=\"wp-block-heading\">Miten vagaalista jarrua voi aktivoida?<\/h3>\n\n\n\n<ul class=\"wp-block-list\">\n<li>Syv\u00e4hengitysharjoitukset, kuten hitaat uloshengitykset, aktivoivat vagushermoa ja t\u00e4t\u00e4 kautta vagaalista jarrua.<\/li>\n\n\n\n<li>Meditaatio, mindfulness, rentoutusharjoitukset ja liikunta voivat vahvistaa t\u00e4m\u00e4n mekanismin toimintaa.<\/li>\n<\/ul>\n\n\n\n<h2 class=\"wp-block-heading has-xxx-large-font-size\"><strong>Vagaalisen jarrun aktivoiminen<\/strong> <\/h2>\n\n\n\n<p>Hengit\u00e4 nen\u00e4n kautta voimakkaasti sis\u00e4\u00e4n, niin ett\u00e4 keuhkojen ala- ja yl\u00e4osat t\u00e4yttyv\u00e4t, pid\u00e4t\u00e4 hengityst\u00e4 muutaman sekunnin ajan. Jonka j\u00e4lkeen aloita tasainen ja rauhallinen uloshengitys suun kautta. Uloshengitt\u00e4ess\u00e4 laita huulesi sellaiseen asentoon kuin vihelt\u00e4isit. Samalla kuin hengit\u00e4t ulos aktivoi syv\u00e4t vatsalihaksesi.<\/p>\n\n\n\n<p>T\u00e4m\u00e4 j\u00e4lkeen jatka normaalia, tasaista hengityst\u00e4. Mik\u00e4li kehosi ja mielesi ei rauhoitu ensimm\u00e4isen kerran j\u00e4lkeen, voit toistaa hengitysharjoituksen.<\/p>\n\n\n\n<figure class=\"wp-block-image size-full\"><img loading=\"lazy\" decoding=\"async\" width=\"539\" height=\"791\" src=\"https:\/\/resmil.fi\/wp-content\/uploads\/2025\/08\/VagusNerve.png\" alt=\"\" class=\"wp-image-342\" srcset=\"https:\/\/resmil.fi\/wp-content\/uploads\/2025\/08\/VagusNerve.png 539w, https:\/\/resmil.fi\/wp-content\/uploads\/2025\/08\/VagusNerve-204x300.png 204w\" sizes=\"auto, (max-width: 539px) 100vw, 539px\" \/><\/figure>\n","protected":false},"excerpt":{"rendered":"<p>Ennen kuin luet Vagaalisesta jarrusta, niin suosittelen ensin lukemaan taktisen hengitt\u00e4misen osion. Vagaalinen jarru on kehon hermoston mekanismi, jossa vagushermo (kymmenes aivohermo) s\u00e4\u00e4telee syd\u00e4men sykett\u00e4 ja rauhoittaa kehoa. Mit\u00e4 vagaalinen jarru tarkoittaa? Miksi se on t\u00e4rke\u00e4? Miten vagaalista jarrua voi aktivoida? Vagaalisen jarrun aktivoiminen Hengit\u00e4 nen\u00e4n kautta voimakkaasti sis\u00e4\u00e4n, niin ett\u00e4 keuhkojen ala- ja yl\u00e4osat [&hellip;]<\/p>\n","protected":false},"author":4,"featured_media":0,"parent":120,"menu_order":0,"comment_status":"closed","ping_status":"closed","template":"","meta":{"site-container-style":"default","site-container-layout":"default","site-sidebar-layout":"default","site-transparent-header":"default","disable-article-header":"default","disable-site-header":"default","disable-site-footer":"default","disable-content-area-spacing":"default","footnotes":""},"class_list":["post-339","page","type-page","status-publish","hentry"],"_links":{"self":[{"href":"https:\/\/resmil.fi\/index.php\/wp-json\/wp\/v2\/pages\/339","targetHints":{"allow":["GET"]}}],"collection":[{"href":"https:\/\/resmil.fi\/index.php\/wp-json\/wp\/v2\/pages"}],"about":[{"href":"https:\/\/resmil.fi\/index.php\/wp-json\/wp\/v2\/types\/page"}],"author":[{"embeddable":true,"href":"https:\/\/resmil.fi\/index.php\/wp-json\/wp\/v2\/users\/4"}],"replies":[{"embeddable":true,"href":"https:\/\/resmil.fi\/index.php\/wp-json\/wp\/v2\/comments?post=339"}],"version-history":[{"count":5,"href":"https:\/\/resmil.fi\/index.php\/wp-json\/wp\/v2\/pages\/339\/revisions"}],"predecessor-version":[{"id":569,"href":"https:\/\/resmil.fi\/index.php\/wp-json\/wp\/v2\/pages\/339\/revisions\/569"}],"up":[{"embeddable":true,"href":"https:\/\/resmil.fi\/index.php\/wp-json\/wp\/v2\/pages\/120"}],"wp:attachment":[{"href":"https:\/\/resmil.fi\/index.php\/wp-json\/wp\/v2\/media?parent=339"}],"curies":[{"name":"wp","href":"https:\/\/api.w.org\/{rel}","templated":true}]}}