{"id":421,"date":"2025-10-20T16:17:54","date_gmt":"2025-10-20T13:17:54","guid":{"rendered":"https:\/\/resmil.fi\/?page_id=421"},"modified":"2025-10-20T18:16:25","modified_gmt":"2025-10-20T15:16:25","slug":"finnish-reserve-forces-patchit","status":"publish","type":"page","link":"https:\/\/resmil.fi\/index.php\/tuotteet\/patchit\/finnish-reserve-forces-patchit\/","title":{"rendered":"Finnish Reserve Forces patchit"},"content":{"rendered":"\n<p>N\u00e4yt\u00e4 kuuluvasi joukkoon! T\u00e4m\u00e4 sotilaallinen Finnish Reserve Forces patchi korostaa yhteisi\u00e4 arvoja ja sitoutumista. Merkin avulla viestit yhten\u00e4isyytt\u00e4 ja reservil\u00e4isten vahvaa yhteisty\u00f6t\u00e4. T\u00e4ydellinen lis\u00e4 varusteisiisi tai kun haluat kunnioittaa suomalaista maanpuolustusta.<\/p>\n\n\n\n<p>Ostamalla tuotteen tuet suoraan suomalaisen maanpuolustuksen vahvistamista. Myyntitulot menev\u00e4t lyhent\u00e4m\u00e4tt\u00f6min\u00e4 Uudenmaan Maakuntakomppanian Kilalle, joka k\u00e4ytt\u00e4\u00e4 ne k\u00e4yt\u00e4nn\u00f6n maanpuolustusty\u00f6h\u00f6n. Yhdess\u00e4 voimme tehd\u00e4 konkreettisen eron ja vahvistaa reservil\u00e4isten toimintakyky\u00e4. T\u00e4m\u00e4 on yhteisty\u00f6t\u00e4, joka n\u00e4kyy ja tuntuu. Me yhdess\u00e4 rakennamme vahvempaa puolustusta.<\/p>\n\n\n\n<p><strong>Patchin Koko<\/strong>:<\/p>\n\n\n\n<ul class=\"wp-block-list\">\n<li>Korkeus: 85mm<\/li>\n\n\n\n<li>Leveys: 65mm<\/li>\n<\/ul>\n\n\n\n<p>Patchin mukana tulee my\u00f6s velcro-pala, joten voit kiinnitt\u00e4\u00e4 patchin haluamaasi paitaan, takkiin tai muuhun varusteeseen.<\/p>\n\n\n\n<p><strong>Hinta: <\/strong>12 \u20ac (sis\u00e4lt\u00e4\u00e4 postituksen Suomessa)<\/p>\n\n\n\n<p><strong>Miten tilaus onnistuu?<\/strong><\/p>\n\n\n\n<p><strong>Vaihe 1: <\/strong>Tee ostop\u00e4\u00e4t\u00f6s<br><strong>Vaihe 2:<\/strong> L\u00e4het\u00e4 tilaus s\u00e4hk\u00f6postilla osoitteeseen <strong>info@resmil.fi <\/strong>tai Instagramissa <strong>@finnish_reserve_forces<\/strong>. Kirjoita viestiisi my\u00f6s etu- ja sukunimesi, kotiosoitteesi ja s\u00e4hk\u00f6postiosoitteesi laskutusta varten.<br><strong>Vaihe 3:<\/strong> Valmistaudu noutamaan pakettisi l\u00e4himm\u00e4lt\u00e4 noutopisteelt\u00e4si.<\/p>\n\n\n\n<figure class=\"wp-block-gallery has-nested-images columns-default is-cropped wp-block-gallery-1 is-layout-flex wp-block-gallery-is-layout-flex\">\n<figure class=\"wp-block-image size-large\"><img loading=\"lazy\" decoding=\"async\" width=\"1024\" height=\"683\" data-id=\"506\" src=\"https:\/\/resmil.fi\/wp-content\/uploads\/2025\/10\/H5A4676-Edit-1024x683.jpg\" alt=\"\" class=\"wp-image-506\" srcset=\"https:\/\/resmil.fi\/wp-content\/uploads\/2025\/10\/H5A4676-Edit-1024x683.jpg 1024w, https:\/\/resmil.fi\/wp-content\/uploads\/2025\/10\/H5A4676-Edit-300x200.jpg 300w, https:\/\/resmil.fi\/wp-content\/uploads\/2025\/10\/H5A4676-Edit-768x512.jpg 768w, https:\/\/resmil.fi\/wp-content\/uploads\/2025\/10\/H5A4676-Edit-1536x1024.jpg 1536w, https:\/\/resmil.fi\/wp-content\/uploads\/2025\/10\/H5A4676-Edit-2048x1365.jpg 2048w\" sizes=\"auto, (max-width: 1024px) 100vw, 1024px\" \/><\/figure>\n\n\n\n<figure class=\"wp-block-image size-large\"><img loading=\"lazy\" decoding=\"async\" width=\"1024\" height=\"683\" data-id=\"501\" src=\"https:\/\/resmil.fi\/wp-content\/uploads\/2025\/10\/H5A4710-Edit-1024x683.jpg\" alt=\"\" class=\"wp-image-501\" srcset=\"https:\/\/resmil.fi\/wp-content\/uploads\/2025\/10\/H5A4710-Edit-1024x683.jpg 1024w, https:\/\/resmil.fi\/wp-content\/uploads\/2025\/10\/H5A4710-Edit-300x200.jpg 300w, https:\/\/resmil.fi\/wp-content\/uploads\/2025\/10\/H5A4710-Edit-768x512.jpg 768w, https:\/\/resmil.fi\/wp-content\/uploads\/2025\/10\/H5A4710-Edit-1536x1024.jpg 1536w, https:\/\/resmil.fi\/wp-content\/uploads\/2025\/10\/H5A4710-Edit-2048x1365.jpg 2048w\" sizes=\"auto, (max-width: 1024px) 100vw, 1024px\" \/><\/figure>\n\n\n\n<figure class=\"wp-block-image size-large\"><img loading=\"lazy\" decoding=\"async\" width=\"1024\" height=\"683\" data-id=\"502\" src=\"https:\/\/resmil.fi\/wp-content\/uploads\/2025\/10\/H5A4698-1024x683.jpg\" alt=\"\" class=\"wp-image-502\" srcset=\"https:\/\/resmil.fi\/wp-content\/uploads\/2025\/10\/H5A4698-1024x683.jpg 1024w, https:\/\/resmil.fi\/wp-content\/uploads\/2025\/10\/H5A4698-300x200.jpg 300w, https:\/\/resmil.fi\/wp-content\/uploads\/2025\/10\/H5A4698-768x512.jpg 768w, https:\/\/resmil.fi\/wp-content\/uploads\/2025\/10\/H5A4698-1536x1024.jpg 1536w, https:\/\/resmil.fi\/wp-content\/uploads\/2025\/10\/H5A4698-2048x1365.jpg 2048w\" sizes=\"auto, (max-width: 1024px) 100vw, 1024px\" \/><\/figure>\n\n\n\n<figure class=\"wp-block-image size-large\"><img loading=\"lazy\" decoding=\"async\" width=\"1024\" height=\"625\" data-id=\"503\" src=\"https:\/\/resmil.fi\/wp-content\/uploads\/2025\/10\/H5A4696-1024x625.jpg\" alt=\"\" class=\"wp-image-503\" srcset=\"https:\/\/resmil.fi\/wp-content\/uploads\/2025\/10\/H5A4696-1024x625.jpg 1024w, https:\/\/resmil.fi\/wp-content\/uploads\/2025\/10\/H5A4696-300x183.jpg 300w, https:\/\/resmil.fi\/wp-content\/uploads\/2025\/10\/H5A4696-768x469.jpg 768w, https:\/\/resmil.fi\/wp-content\/uploads\/2025\/10\/H5A4696-1536x937.jpg 1536w, https:\/\/resmil.fi\/wp-content\/uploads\/2025\/10\/H5A4696-2048x1249.jpg 2048w\" sizes=\"auto, (max-width: 1024px) 100vw, 1024px\" \/><\/figure>\n<\/figure>\n","protected":false},"excerpt":{"rendered":"<p>N\u00e4yt\u00e4 kuuluvasi joukkoon! T\u00e4m\u00e4 sotilaallinen Finnish Reserve Forces patchi korostaa yhteisi\u00e4 arvoja ja sitoutumista. Merkin avulla viestit yhten\u00e4isyytt\u00e4 ja reservil\u00e4isten vahvaa yhteisty\u00f6t\u00e4. T\u00e4ydellinen lis\u00e4 varusteisiisi tai kun haluat kunnioittaa suomalaista maanpuolustusta. Ostamalla tuotteen tuet suoraan suomalaisen maanpuolustuksen vahvistamista. Myyntitulot menev\u00e4t lyhent\u00e4m\u00e4tt\u00f6min\u00e4 Uudenmaan Maakuntakomppanian Kilalle, joka k\u00e4ytt\u00e4\u00e4 ne k\u00e4yt\u00e4nn\u00f6n maanpuolustusty\u00f6h\u00f6n. Yhdess\u00e4 voimme tehd\u00e4 konkreettisen eron ja [&hellip;]<\/p>\n","protected":false},"author":4,"featured_media":0,"parent":416,"menu_order":0,"comment_status":"closed","ping_status":"closed","template":"","meta":{"site-container-style":"default","site-container-layout":"default","site-sidebar-layout":"default","site-transparent-header":"default","disable-article-header":"default","disable-site-header":"default","disable-site-footer":"default","disable-content-area-spacing":"default","footnotes":""},"class_list":["post-421","page","type-page","status-publish","hentry"],"_links":{"self":[{"href":"https:\/\/resmil.fi\/index.php\/wp-json\/wp\/v2\/pages\/421","targetHints":{"allow":["GET"]}}],"collection":[{"href":"https:\/\/resmil.fi\/index.php\/wp-json\/wp\/v2\/pages"}],"about":[{"href":"https:\/\/resmil.fi\/index.php\/wp-json\/wp\/v2\/types\/page"}],"author":[{"embeddable":true,"href":"https:\/\/resmil.fi\/index.php\/wp-json\/wp\/v2\/users\/4"}],"replies":[{"embeddable":true,"href":"https:\/\/resmil.fi\/index.php\/wp-json\/wp\/v2\/comments?post=421"}],"version-history":[{"count":7,"href":"https:\/\/resmil.fi\/index.php\/wp-json\/wp\/v2\/pages\/421\/revisions"}],"predecessor-version":[{"id":525,"href":"https:\/\/resmil.fi\/index.php\/wp-json\/wp\/v2\/pages\/421\/revisions\/525"}],"up":[{"embeddable":true,"href":"https:\/\/resmil.fi\/index.php\/wp-json\/wp\/v2\/pages\/416"}],"wp:attachment":[{"href":"https:\/\/resmil.fi\/index.php\/wp-json\/wp\/v2\/media?parent=421"}],"curies":[{"name":"wp","href":"https:\/\/api.w.org\/{rel}","templated":true}]}}