{"id":456,"date":"2025-10-20T18:00:54","date_gmt":"2025-10-20T15:00:54","guid":{"rendered":"https:\/\/resmil.fi\/?page_id=456"},"modified":"2025-10-20T18:01:33","modified_gmt":"2025-10-20T15:01:33","slug":"uudenmaan-maakuntakomppanian-kilta-ry-2","status":"publish","type":"page","link":"https:\/\/resmil.fi\/index.php\/yhteistyossa\/uudenmaan-maakuntakomppanian-kilta-ry-2\/","title":{"rendered":"Uudenmaan Maakuntakomppanian Kilta Ry"},"content":{"rendered":"\n<p><strong>Esittely<\/strong><\/p>\n\n\n\n<p>Uudenmaan Maakuntakomppanian Kilta ry on perustettu vuonna 2012. <\/p>\n\n\n\n<p>Killan toiminta pyrkii kasvattamaan maanpuolustustahtoa, levitt\u00e4m\u00e4\u00e4n maanpuolustustietoisuutta, edist\u00e4m\u00e4\u00e4n maanpuolustusharrastusta sek\u00e4 tekem\u00e4\u00e4n maakuntajoukkoja tutuksi.<\/p>\n\n\n\n<p>Lis\u00e4ksi Killan tarkoituksena on j\u00e4sentens\u00e4 yhdyssiteen\u00e4 toimiminen sek\u00e4 maanpuolustusperinteiden ja yhteisty\u00f6n kehitt\u00e4minen muiden maanpuolustusj\u00e4rjest\u00f6jen kanssa.<\/p>\n\n\n\n<p><strong>Toiminta<\/strong><\/p>\n\n\n\n<p>Kilta toimii aktiivisesti Maakuntakomppaniaan kuuluvien j\u00e4senten toiminnan tukemisessa mm. harjoitustilojen j\u00e4rjest\u00e4misess\u00e4 ja kaluston hankinnassa.<\/p>\n\n\n\n<p>Killan periaatteisiin kuuluu my\u00f6s veteraanien, heid\u00e4n tekojensa kunnioittaminen ja muistaminen. Killan j\u00e4senet vierailevat vuosittain itsen\u00e4isyysp\u00e4iv\u00e4n aikoihin veteraanien luona. <\/p>\n\n\n\n<p><strong>Yhteisty\u00f6n laatu<\/strong><\/p>\n\n\n\n<p>ResMil tarjoaa killalle tukea heid\u00e4n varainhankinnassa, markkinoimalla heid\u00e4n patchej\u00e4. ResMil on my\u00f6s vuosittainen lahjoittaja kilalle, jolla tuetaan killan toimintaa taloudellisesti.<\/p>\n\n\n\n<p><strong>Yhteisty\u00f6n merkitys<\/strong><\/p>\n\n\n\n<p>ResMil:n yksi perus tarkoituksista on tukea suomalaisten reservil\u00e4isten t\u00e4rke\u00e4\u00e4 toimintaa. Tukemalla killan toimintaa, olemme my\u00f6s sit\u00e4 kautta osa reservil\u00e4isten tukiverkostoa.<\/p>\n\n\n\n<p><\/p>\n\n\n\n<figure class=\"wp-block-image size-full is-resized\"><img loading=\"lazy\" decoding=\"async\" width=\"313\" height=\"320\" src=\"https:\/\/resmil.fi\/wp-content\/uploads\/2025\/10\/Screenshot-2025-10-18-00.04.19-5.png\" alt=\"\" class=\"wp-image-464\" style=\"width:98px;height:auto\" srcset=\"https:\/\/resmil.fi\/wp-content\/uploads\/2025\/10\/Screenshot-2025-10-18-00.04.19-5.png 313w, https:\/\/resmil.fi\/wp-content\/uploads\/2025\/10\/Screenshot-2025-10-18-00.04.19-5-293x300.png 293w\" sizes=\"auto, (max-width: 313px) 100vw, 313px\" \/><\/figure>\n","protected":false},"excerpt":{"rendered":"<p>Esittely Uudenmaan Maakuntakomppanian Kilta ry on perustettu vuonna 2012. Killan toiminta pyrkii kasvattamaan maanpuolustustahtoa, levitt\u00e4m\u00e4\u00e4n maanpuolustustietoisuutta, edist\u00e4m\u00e4\u00e4n maanpuolustusharrastusta sek\u00e4 tekem\u00e4\u00e4n maakuntajoukkoja tutuksi. Lis\u00e4ksi Killan tarkoituksena on j\u00e4sentens\u00e4 yhdyssiteen\u00e4 toimiminen sek\u00e4 maanpuolustusperinteiden ja yhteisty\u00f6n kehitt\u00e4minen muiden maanpuolustusj\u00e4rjest\u00f6jen kanssa. Toiminta Kilta toimii aktiivisesti Maakuntakomppaniaan kuuluvien j\u00e4senten toiminnan tukemisessa mm. harjoitustilojen j\u00e4rjest\u00e4misess\u00e4 ja kaluston hankinnassa. Killan periaatteisiin kuuluu [&hellip;]<\/p>\n","protected":false},"author":4,"featured_media":0,"parent":450,"menu_order":0,"comment_status":"closed","ping_status":"closed","template":"","meta":{"site-container-style":"default","site-container-layout":"default","site-sidebar-layout":"default","site-transparent-header":"default","disable-article-header":"default","disable-site-header":"default","disable-site-footer":"default","disable-content-area-spacing":"default","footnotes":""},"class_list":["post-456","page","type-page","status-publish","hentry"],"_links":{"self":[{"href":"https:\/\/resmil.fi\/index.php\/wp-json\/wp\/v2\/pages\/456","targetHints":{"allow":["GET"]}}],"collection":[{"href":"https:\/\/resmil.fi\/index.php\/wp-json\/wp\/v2\/pages"}],"about":[{"href":"https:\/\/resmil.fi\/index.php\/wp-json\/wp\/v2\/types\/page"}],"author":[{"embeddable":true,"href":"https:\/\/resmil.fi\/index.php\/wp-json\/wp\/v2\/users\/4"}],"replies":[{"embeddable":true,"href":"https:\/\/resmil.fi\/index.php\/wp-json\/wp\/v2\/comments?post=456"}],"version-history":[{"count":6,"href":"https:\/\/resmil.fi\/index.php\/wp-json\/wp\/v2\/pages\/456\/revisions"}],"predecessor-version":[{"id":522,"href":"https:\/\/resmil.fi\/index.php\/wp-json\/wp\/v2\/pages\/456\/revisions\/522"}],"up":[{"embeddable":true,"href":"https:\/\/resmil.fi\/index.php\/wp-json\/wp\/v2\/pages\/450"}],"wp:attachment":[{"href":"https:\/\/resmil.fi\/index.php\/wp-json\/wp\/v2\/media?parent=456"}],"curies":[{"name":"wp","href":"https:\/\/api.w.org\/{rel}","templated":true}]}}