{"id":573,"date":"2026-01-29T11:45:31","date_gmt":"2026-01-29T09:45:31","guid":{"rendered":"https:\/\/resmil.fi\/?page_id=573"},"modified":"2026-01-29T17:48:28","modified_gmt":"2026-01-29T15:48:28","slug":"kuka-hallitsee-mieltasi-mielikuvien-hyodyntamisen-kirja","status":"publish","type":"page","link":"https:\/\/resmil.fi\/index.php\/tuotteet\/kirjat\/kuka-hallitsee-mieltasi-mielikuvien-hyodyntamisen-kirja\/","title":{"rendered":"Kuka hallitsee mielt\u00e4si &#8211; Mielikuvien hy\u00f6dynt\u00e4misen kirja"},"content":{"rendered":"\n<p><strong>Tuotekuvaus<\/strong><\/p>\n\n\n\n<p>Haluatko oppia hallitsemaan ajatuksiasi ja tunteitasi tehokkaammin? \u201cKuka hallitsee mielt\u00e4si?\u201d tarjoaa k\u00e4yt\u00e4nn\u00f6nl\u00e4heisi\u00e4 ty\u00f6kaluja mielikuvien voiman hy\u00f6dynt\u00e4miseen.<\/p>\n\n\n\n<p>Kirja n\u00e4ytt\u00e4\u00e4, miten mielikuvilla voi vaikuttaa mieleen, kehoon ja arjen valintoihin. Opit muun muassa:<\/p>\n\n\n\n<ul class=\"wp-block-list\">\n<li>Miten negatiiviset mielikuvat voivat ohjata tunteitasi ja miten vapautua niist\u00e4<\/li>\n\n\n\n<li>Kuinka my\u00f6nteiset mielikuvat tukevat itsevarmuutta, motivaatiota ja hyvinvointia<\/li>\n\n\n\n<li>K\u00e4yt\u00e4nn\u00f6n harjoituksia mielen hallintaan, rentoutumiseen ja tavoitteiden saavuttamiseen<\/li>\n<\/ul>\n\n\n\n<p>T\u00e4m\u00e4 teos on loistava opas kaikille, jotka haluavat tehostaa ajatteluaan, hallita stressi\u00e4 ja saavuttaa tavoitteensa mielikuvien avulla.<\/p>\n\n\n\n<p>Tilaa nyt ja ota ensimm\u00e4inen askel kohti mielenhallintaa!<\/p>\n\n\n\n<p>Kirjoittaja: Jarmo Liukkonen on liikuntapedagogiikan professori sek\u00e4 liikunnan ja psyykkisen hyvinvoinnin dosentti, joka on tutkinut psyykkisi\u00e4 taitoja pitk\u00e4\u00e4n. H\u00e4n toimii my\u00f6s psykologisen valmennuksen konsulttina urheilijoille ja yrityksille.<\/p>\n\n\n\n<p><strong>Tuotetiedot<\/strong><\/p>\n\n\n\n<p>Sivum\u00e4\u00e4r\u00e4: 200<\/p>\n\n\n\n<p>Pituus: 216mm<\/p>\n\n\n\n<p>Leveys: 151mm<\/p>\n\n\n\n<p>Korkeus: 16mm<\/p>\n\n\n\n<p>Kovakantinen<\/p>\n\n\n\n<p>Hinta: 33,48\u20ac (sis. ALV) + toimituskulut<\/p>\n\n\n\n<p>Tilaus: L\u00e4het\u00e4 tilaus s\u00e4hk\u00f6postilla osoitteeseen&nbsp;<strong>info@resmil.fi<\/strong>&nbsp;tai Instagramissa&nbsp;<strong>@finnish_reserve_forces<\/strong>. Kirjoita viestiisi my\u00f6s etu- ja sukunimesi, kotiosoitteesi ja s\u00e4hk\u00f6postiosoitteesi postitusta ja laskutusta varten.<\/p>\n\n\n\n<figure class=\"wp-block-image size-full\"><img loading=\"lazy\" decoding=\"async\" width=\"364\" height=\"522\" src=\"https:\/\/resmil.fi\/wp-content\/uploads\/2026\/01\/kuka-hallitsee-mieltasi.jpg\" alt=\"\" class=\"wp-image-587\" srcset=\"https:\/\/resmil.fi\/wp-content\/uploads\/2026\/01\/kuka-hallitsee-mieltasi.jpg 364w, https:\/\/resmil.fi\/wp-content\/uploads\/2026\/01\/kuka-hallitsee-mieltasi-209x300.jpg 209w\" sizes=\"auto, (max-width: 364px) 100vw, 364px\" \/><\/figure>\n","protected":false},"excerpt":{"rendered":"<p>Tuotekuvaus Haluatko oppia hallitsemaan ajatuksiasi ja tunteitasi tehokkaammin? \u201cKuka hallitsee mielt\u00e4si?\u201d tarjoaa k\u00e4yt\u00e4nn\u00f6nl\u00e4heisi\u00e4 ty\u00f6kaluja mielikuvien voiman hy\u00f6dynt\u00e4miseen. Kirja n\u00e4ytt\u00e4\u00e4, miten mielikuvilla voi vaikuttaa mieleen, kehoon ja arjen valintoihin. Opit muun muassa: T\u00e4m\u00e4 teos on loistava opas kaikille, jotka haluavat tehostaa ajatteluaan, hallita stressi\u00e4 ja saavuttaa tavoitteensa mielikuvien avulla. Tilaa nyt ja ota ensimm\u00e4inen askel kohti [&hellip;]<\/p>\n","protected":false},"author":4,"featured_media":0,"parent":577,"menu_order":0,"comment_status":"closed","ping_status":"closed","template":"","meta":{"site-container-style":"default","site-container-layout":"default","site-sidebar-layout":"default","site-transparent-header":"default","disable-article-header":"default","disable-site-header":"default","disable-site-footer":"default","disable-content-area-spacing":"default","footnotes":""},"class_list":["post-573","page","type-page","status-publish","hentry"],"_links":{"self":[{"href":"https:\/\/resmil.fi\/index.php\/wp-json\/wp\/v2\/pages\/573","targetHints":{"allow":["GET"]}}],"collection":[{"href":"https:\/\/resmil.fi\/index.php\/wp-json\/wp\/v2\/pages"}],"about":[{"href":"https:\/\/resmil.fi\/index.php\/wp-json\/wp\/v2\/types\/page"}],"author":[{"embeddable":true,"href":"https:\/\/resmil.fi\/index.php\/wp-json\/wp\/v2\/users\/4"}],"replies":[{"embeddable":true,"href":"https:\/\/resmil.fi\/index.php\/wp-json\/wp\/v2\/comments?post=573"}],"version-history":[{"count":7,"href":"https:\/\/resmil.fi\/index.php\/wp-json\/wp\/v2\/pages\/573\/revisions"}],"predecessor-version":[{"id":589,"href":"https:\/\/resmil.fi\/index.php\/wp-json\/wp\/v2\/pages\/573\/revisions\/589"}],"up":[{"embeddable":true,"href":"https:\/\/resmil.fi\/index.php\/wp-json\/wp\/v2\/pages\/577"}],"wp:attachment":[{"href":"https:\/\/resmil.fi\/index.php\/wp-json\/wp\/v2\/media?parent=573"}],"curies":[{"name":"wp","href":"https:\/\/api.w.org\/{rel}","templated":true}]}}